{"id":576,"date":"2016-12-09T20:14:57","date_gmt":"2016-12-10T01:14:57","guid":{"rendered":"http:\/\/meteorca.thankscanada.com\/equipments\/tow-trucks-for-heavy-equipment\/"},"modified":"2021-12-07T00:29:55","modified_gmt":"2021-12-07T05:29:55","slug":"heavy-towing-equipment","status":"publish","type":"page","link":"https:\/\/meteor.ca\/en\/equipments\/heavy-towing-equipment\/","title":{"rendered":"Heavy Towing Equipments"},"content":{"rendered":"<p>[vc_row full_width=&#8221;stretch_row&#8221;][vc_column width=&#8221;1\/2&#8243;][vc_column_text]<\/p>\n<h4>TOW TRUCKS FOR HEAVY EQUIPMENT<\/h4>\n<p><strong>Meteor Towing Service<\/strong> is well-known for the quality and sturdiness of its tow trucks when it comes to heavy equipment service. We can tow securely any type of heavy equipment: heavy trucks, concrete pumps, or any other rolling heavy vehicle. Our equipment and the skill of our operators have built our good reputation for heavy equipment, goods or merchandise\u00a0 removal.<\/p>\n<p>Our tow trucks are equipped and licensed for heavy work. These tow trucks are made for all kinds of situations, including high-risk ones.[\/vc_column_text][\/vc_column][vc_column width=&#8221;1\/2&#8243;][rev_slider_vc alias=&#8221;lourds&#8221;][vc_column_text]<\/p>\n<p style=\"text-align: center;\"><a class=\"maxbutton-1 maxbutton maxbutton-nous-joindre\" href=\"\/en\/contact-us\/\"><span class='mb-text'>Contact us<\/span><\/a><a class=\"maxbutton-2 maxbutton maxbutton-demande-de-soumission\" href=\"\/en\/towing-estimate\/\"><span class='mb-text'>Request a quote<\/span><\/a><\/p>\n<p>[\/vc_column_text][vc_empty_space][\/vc_column][\/vc_row][vc_row][vc_column width=&#8221;1\/3&#8243;][vc_single_image image=&#8221;247&#8243; img_size=&#8221;full&#8221; alignment=&#8221;center&#8221;][vc_basic_grid post_type=&#8221;post&#8221; max_items=&#8221;3&#8243; element_width=&#8221;12&#8243; item=&#8221;167&#8243; initial_loading_animation=&#8221;none&#8221; grid_id=&#8221;vc_gid:1638854337465-21b399a8ba55dac8a5fb7ea037a406f1-2&#8243;][\/vc_column][vc_column width=&#8221;1\/3&#8243;][vc_single_image image=&#8221;162&#8243; img_size=&#8221;full&#8221; alignment=&#8221;center&#8221;][\/vc_column][vc_column width=&#8221;1\/3&#8243;][vc_single_image image=&#8221;161&#8243; img_size=&#8221;full&#8221;][vc_column_text css=&#8221;.vc_custom_1480905342933{margin-left: 30px !important;}&#8221;]\u2713 Unique expertise in Canada<br \/>\n\u2713 Modern equipment<br \/>\n\u2713 Integrated services<br \/>\n\u2713 For its expertise in more than 25, 000 tow per year[\/vc_column_text][\/vc_column][\/vc_row]<\/p>\n","protected":false},"excerpt":{"rendered":"<p>[vc_row full_width=&#8221;stretch_row&#8221;][vc_column width=&#8221;1\/2&#8243;][vc_column_text]<\/p>\n<p> TOW TRUCKS FOR HEAVY EQUIPMENT <\/p>\n<p><strong>Meteor Towing Service<\/strong> is well-known for the quality and sturdiness of its tow trucks when it comes to heavy equipment service. We can tow securely any type of heavy equipment: heavy trucks, concrete pumps, or any other rolling heavy vehicle. Our equipment and the skill of our operators have built our good reputation for heavy equipment, goods or merchandise\u00a0 removal.<\/p>\n<p>Our tow trucks are equipped and licensed for heavy work. These tow trucks are made for all kinds of situations, including high-risk ones.[\/vc_column_text][\/vc_column][vc_column width=&#8221;1\/2&#8243;][rev_slider_vc alias=&#8221;lourds&#8221;][vc_column_text]<\/p>\n<p style=\"text-align: center;\">\n<p>[\/vc_column_text][vc_empty_space][\/vc_column][\/vc_row][vc_row][vc_column width=&#8221;1\/3&#8243;][vc_single_image image=&#8221;247&#8243; img_size=&#8221;full&#8221; alignment=&#8221;center&#8221;][vc_basic_grid post_type=&#8221;post&#8221; max_items=&#8221;3&#8243; element_width=&#8221;12&#8243; item=&#8221;167&#8243; initial_loading_animation=&#8221;none&#8221; grid_id=&#8221;vc_gid:1638854337465-21b399a8ba55dac8a5fb7ea037a406f1-2&#8243;][\/vc_column][vc_column width=&#8221;1\/3&#8243;][vc_single_image image=&#8221;162&#8243; img_size=&#8221;full&#8221; alignment=&#8221;center&#8221;][\/vc_column][vc_column width=&#8221;1\/3&#8243;][vc_single_image image=&#8221;161&#8243; img_size=&#8221;full&#8221;][vc_column_text css=&#8221;.vc_custom_1480905342933{margin-left: 30px !important;}&#8221;]\u2713 Unique expertise in Canada<br \/> \u2713 Modern equipment<br \/> \u2713 Integrated services<br \/> \u2713 For its expertise in more than 25, 000 tow per year[\/vc_column_text][\/vc_column][\/vc_row]<\/p>\n","protected":false},"author":1,"featured_media":0,"parent":565,"menu_order":0,"comment_status":"closed","ping_status":"closed","template":"","meta":[],"yoast_head":"<!-- This site is optimized with the Yoast SEO plugin v19.4 - https:\/\/yoast.com\/wordpress\/plugins\/seo\/ -->\n<title>Heavy Towing Equipments<\/title>\n<meta name=\"robots\" content=\"index, follow, max-snippet:-1, max-image-preview:large, max-video-preview:-1\" \/>\n<link rel=\"canonical\" href=\"https:\/\/meteor.ca\/en\/equipments\/heavy-towing-equipment\/\" \/>\n<meta property=\"og:locale\" content=\"en_US\" \/>\n<meta property=\"og:type\" content=\"article\" \/>\n<meta property=\"og:title\" content=\"Heavy Towing Equipments\" \/>\n<meta property=\"og:description\" content=\"[vc_row full_width=&#8221;stretch_row&#8221;][vc_column width=&#8221;1\/2&#8243;][vc_column_text] TOW TRUCKS FOR HEAVY EQUIPMENT Meteor Towing Service is well-known for the quality and sturdiness of its tow trucks when it comes to heavy equipment service. We can tow securely any type of heavy equipment: heavy trucks, concrete pumps, or any other rolling heavy vehicle. Our equipment and the skill of our operators have built our good reputation for heavy equipment, goods or merchandise\u00a0 removal. Our tow trucks are equipped and licensed for heavy work. These tow trucks are made for all kinds of situations, including high-risk ones.[\/vc_column_text][\/vc_column][vc_column width=&#8221;1\/2&#8243;][rev_slider_vc alias=&#8221;lourds&#8221;][vc_column_text] [\/vc_column_text][vc_empty_space][\/vc_column][\/vc_row][vc_row][vc_column width=&#8221;1\/3&#8243;][vc_single_image image=&#8221;247&#8243; img_size=&#8221;full&#8221; alignment=&#8221;center&#8221;][vc_basic_grid post_type=&#8221;post&#8221; max_items=&#8221;3&#8243; element_width=&#8221;12&#8243; item=&#8221;167&#8243; initial_loading_animation=&#8221;none&#8221; grid_id=&#8221;vc_gid:1638854337465-21b399a8ba55dac8a5fb7ea037a406f1-2&#8243;][\/vc_column][vc_column width=&#8221;1\/3&#8243;][vc_single_image image=&#8221;162&#8243; img_size=&#8221;full&#8221; alignment=&#8221;center&#8221;][\/vc_column][vc_column width=&#8221;1\/3&#8243;][vc_single_image image=&#8221;161&#8243; img_size=&#8221;full&#8221;][vc_column_text css=&#8221;.vc_custom_1480905342933{margin-left: 30px !important;}&#8221;]\u2713 Unique expertise in Canada \u2713 Modern equipment \u2713 Integrated services \u2713 For its expertise in more than 25, 000 tow per year[\/vc_column_text][\/vc_column][\/vc_row]\" \/>\n<meta property=\"og:url\" content=\"https:\/\/meteor.ca\/en\/equipments\/heavy-towing-equipment\/\" \/>\n<meta property=\"og:site_name\" content=\"Remorquage M\u00e9t\u00e9or\" \/>\n<meta property=\"article:publisher\" content=\"https:\/\/www.facebook.com\/Remorquage-Meteor-287474957976557\/\" \/>\n<meta property=\"article:modified_time\" content=\"2021-12-07T05:29:55+00:00\" \/>\n<meta name=\"twitter:card\" content=\"summary\" \/>\n<meta name=\"twitter:site\" content=\"@MeteorTowing\" \/>\n<meta name=\"twitter:label1\" content=\"Est. reading time\" \/>\n\t<meta name=\"twitter:data1\" content=\"1 minute\" \/>\n<script type=\"application\/ld+json\" class=\"yoast-schema-graph\">{\"@context\":\"https:\/\/schema.org\",\"@graph\":[{\"@type\":\"Organization\",\"@id\":\"https:\/\/meteor.ca\/#organization\",\"name\":\"Meteor\",\"url\":\"https:\/\/meteor.ca\/\",\"sameAs\":[\"https:\/\/www.facebook.com\/Remorquage-Meteor-287474957976557\/\",\"https:\/\/twitter.com\/MeteorTowing\"],\"logo\":{\"@type\":\"ImageObject\",\"inLanguage\":\"en-US\",\"@id\":\"https:\/\/meteor.ca\/#\/schema\/logo\/image\/\",\"url\":\"https:\/\/meteor.ca\/wp-content\/uploads\/2016\/12\/Logo-Meteor.png\",\"contentUrl\":\"https:\/\/meteor.ca\/wp-content\/uploads\/2016\/12\/Logo-Meteor.png\",\"width\":270,\"height\":99,\"caption\":\"Meteor\"},\"image\":{\"@id\":\"https:\/\/meteor.ca\/#\/schema\/logo\/image\/\"}},{\"@type\":\"WebSite\",\"@id\":\"https:\/\/meteor.ca\/#website\",\"url\":\"https:\/\/meteor.ca\/\",\"name\":\"Remorquage M\u00e9t\u00e9or\",\"description\":\"Les ma\u00eetres du remorquage au Qu\u00e9bec depuis 40 ans !\",\"publisher\":{\"@id\":\"https:\/\/meteor.ca\/#organization\"},\"potentialAction\":[{\"@type\":\"SearchAction\",\"target\":{\"@type\":\"EntryPoint\",\"urlTemplate\":\"https:\/\/meteor.ca\/?s={search_term_string}\"},\"query-input\":\"required name=search_term_string\"}],\"inLanguage\":\"en-US\"},{\"@type\":\"WebPage\",\"@id\":\"https:\/\/meteor.ca\/en\/equipments\/heavy-towing-equipment\/\",\"url\":\"https:\/\/meteor.ca\/en\/equipments\/heavy-towing-equipment\/\",\"name\":\"Heavy Towing Equipments\",\"isPartOf\":{\"@id\":\"https:\/\/meteor.ca\/#website\"},\"datePublished\":\"2016-12-10T01:14:57+00:00\",\"dateModified\":\"2021-12-07T05:29:55+00:00\",\"breadcrumb\":{\"@id\":\"https:\/\/meteor.ca\/en\/equipments\/heavy-towing-equipment\/#breadcrumb\"},\"inLanguage\":\"en-US\",\"potentialAction\":[{\"@type\":\"ReadAction\",\"target\":[\"https:\/\/meteor.ca\/en\/equipments\/heavy-towing-equipment\/\"]}]},{\"@type\":\"BreadcrumbList\",\"@id\":\"https:\/\/meteor.ca\/en\/equipments\/heavy-towing-equipment\/#breadcrumb\",\"itemListElement\":[{\"@type\":\"ListItem\",\"position\":1,\"name\":\"Accueil\",\"item\":\"https:\/\/meteor.ca\/en\/\"},{\"@type\":\"ListItem\",\"position\":2,\"name\":\"Equipments\",\"item\":\"https:\/\/meteor.ca\/en\/equipments\/\"},{\"@type\":\"ListItem\",\"position\":3,\"name\":\"Heavy Towing Equipments\"}]}]}<\/script>\n<!-- \/ Yoast SEO plugin. -->","yoast_head_json":{"title":"Heavy Towing Equipments","robots":{"index":"index","follow":"follow","max-snippet":"max-snippet:-1","max-image-preview":"max-image-preview:large","max-video-preview":"max-video-preview:-1"},"canonical":"https:\/\/meteor.ca\/en\/equipments\/heavy-towing-equipment\/","og_locale":"en_US","og_type":"article","og_title":"Heavy Towing Equipments","og_description":"[vc_row full_width=&#8221;stretch_row&#8221;][vc_column width=&#8221;1\/2&#8243;][vc_column_text] TOW TRUCKS FOR HEAVY EQUIPMENT Meteor Towing Service is well-known for the quality and sturdiness of its tow trucks when it comes to heavy equipment service. We can tow securely any type of heavy equipment: heavy trucks, concrete pumps, or any other rolling heavy vehicle. Our equipment and the skill of our operators have built our good reputation for heavy equipment, goods or merchandise\u00a0 removal. Our tow trucks are equipped and licensed for heavy work. These tow trucks are made for all kinds of situations, including high-risk ones.[\/vc_column_text][\/vc_column][vc_column width=&#8221;1\/2&#8243;][rev_slider_vc alias=&#8221;lourds&#8221;][vc_column_text] [\/vc_column_text][vc_empty_space][\/vc_column][\/vc_row][vc_row][vc_column width=&#8221;1\/3&#8243;][vc_single_image image=&#8221;247&#8243; img_size=&#8221;full&#8221; alignment=&#8221;center&#8221;][vc_basic_grid post_type=&#8221;post&#8221; max_items=&#8221;3&#8243; element_width=&#8221;12&#8243; item=&#8221;167&#8243; initial_loading_animation=&#8221;none&#8221; grid_id=&#8221;vc_gid:1638854337465-21b399a8ba55dac8a5fb7ea037a406f1-2&#8243;][\/vc_column][vc_column width=&#8221;1\/3&#8243;][vc_single_image image=&#8221;162&#8243; img_size=&#8221;full&#8221; alignment=&#8221;center&#8221;][\/vc_column][vc_column width=&#8221;1\/3&#8243;][vc_single_image image=&#8221;161&#8243; img_size=&#8221;full&#8221;][vc_column_text css=&#8221;.vc_custom_1480905342933{margin-left: 30px !important;}&#8221;]\u2713 Unique expertise in Canada \u2713 Modern equipment \u2713 Integrated services \u2713 For its expertise in more than 25, 000 tow per year[\/vc_column_text][\/vc_column][\/vc_row]","og_url":"https:\/\/meteor.ca\/en\/equipments\/heavy-towing-equipment\/","og_site_name":"Remorquage M\u00e9t\u00e9or","article_publisher":"https:\/\/www.facebook.com\/Remorquage-Meteor-287474957976557\/","article_modified_time":"2021-12-07T05:29:55+00:00","twitter_card":"summary","twitter_site":"@MeteorTowing","twitter_misc":{"Est. reading time":"1 minute"},"schema":{"@context":"https:\/\/schema.org","@graph":[{"@type":"Organization","@id":"https:\/\/meteor.ca\/#organization","name":"Meteor","url":"https:\/\/meteor.ca\/","sameAs":["https:\/\/www.facebook.com\/Remorquage-Meteor-287474957976557\/","https:\/\/twitter.com\/MeteorTowing"],"logo":{"@type":"ImageObject","inLanguage":"en-US","@id":"https:\/\/meteor.ca\/#\/schema\/logo\/image\/","url":"https:\/\/meteor.ca\/wp-content\/uploads\/2016\/12\/Logo-Meteor.png","contentUrl":"https:\/\/meteor.ca\/wp-content\/uploads\/2016\/12\/Logo-Meteor.png","width":270,"height":99,"caption":"Meteor"},"image":{"@id":"https:\/\/meteor.ca\/#\/schema\/logo\/image\/"}},{"@type":"WebSite","@id":"https:\/\/meteor.ca\/#website","url":"https:\/\/meteor.ca\/","name":"Remorquage M\u00e9t\u00e9or","description":"Les ma\u00eetres du remorquage au Qu\u00e9bec depuis 40 ans !","publisher":{"@id":"https:\/\/meteor.ca\/#organization"},"potentialAction":[{"@type":"SearchAction","target":{"@type":"EntryPoint","urlTemplate":"https:\/\/meteor.ca\/?s={search_term_string}"},"query-input":"required name=search_term_string"}],"inLanguage":"en-US"},{"@type":"WebPage","@id":"https:\/\/meteor.ca\/en\/equipments\/heavy-towing-equipment\/","url":"https:\/\/meteor.ca\/en\/equipments\/heavy-towing-equipment\/","name":"Heavy Towing Equipments","isPartOf":{"@id":"https:\/\/meteor.ca\/#website"},"datePublished":"2016-12-10T01:14:57+00:00","dateModified":"2021-12-07T05:29:55+00:00","breadcrumb":{"@id":"https:\/\/meteor.ca\/en\/equipments\/heavy-towing-equipment\/#breadcrumb"},"inLanguage":"en-US","potentialAction":[{"@type":"ReadAction","target":["https:\/\/meteor.ca\/en\/equipments\/heavy-towing-equipment\/"]}]},{"@type":"BreadcrumbList","@id":"https:\/\/meteor.ca\/en\/equipments\/heavy-towing-equipment\/#breadcrumb","itemListElement":[{"@type":"ListItem","position":1,"name":"Accueil","item":"https:\/\/meteor.ca\/en\/"},{"@type":"ListItem","position":2,"name":"Equipments","item":"https:\/\/meteor.ca\/en\/equipments\/"},{"@type":"ListItem","position":3,"name":"Heavy Towing Equipments"}]}]}},"_links":{"self":[{"href":"https:\/\/meteor.ca\/en\/wp-json\/wp\/v2\/pages\/576"}],"collection":[{"href":"https:\/\/meteor.ca\/en\/wp-json\/wp\/v2\/pages"}],"about":[{"href":"https:\/\/meteor.ca\/en\/wp-json\/wp\/v2\/types\/page"}],"author":[{"embeddable":true,"href":"https:\/\/meteor.ca\/en\/wp-json\/wp\/v2\/users\/1"}],"replies":[{"embeddable":true,"href":"https:\/\/meteor.ca\/en\/wp-json\/wp\/v2\/comments?post=576"}],"version-history":[{"count":7,"href":"https:\/\/meteor.ca\/en\/wp-json\/wp\/v2\/pages\/576\/revisions"}],"predecessor-version":[{"id":1092,"href":"https:\/\/meteor.ca\/en\/wp-json\/wp\/v2\/pages\/576\/revisions\/1092"}],"up":[{"embeddable":true,"href":"https:\/\/meteor.ca\/en\/wp-json\/wp\/v2\/pages\/565"}],"wp:attachment":[{"href":"https:\/\/meteor.ca\/en\/wp-json\/wp\/v2\/media?parent=576"}],"curies":[{"name":"wp","href":"https:\/\/api.w.org\/{rel}","templated":true}]}}