{"id":201,"date":"2016-12-04T19:55:41","date_gmt":"2016-12-05T00:55:41","guid":{"rendered":"http:\/\/meteorca.thankscanada.com\/home\/"},"modified":"2021-11-29T23:23:32","modified_gmt":"2021-11-30T04:23:32","slug":"home","status":"publish","type":"page","link":"https:\/\/meteor.ca\/en\/","title":{"rendered":"M\u00e9t\u00e9or Towing Services"},"content":{"rendered":"<p>[vc_row full_width=&#8221;stretch_row&#8221; content_placement=&#8221;top&#8221; css=&#8221;.vc_custom_1622027397162{margin-top: -150px !important;}&#8221;][vc_column width=&#8221;2\/3&#8243;][vc_column_text]<\/p>\n<h1 class=\"static_text\" style=\"text-align: center;\"><span style=\"color: #ffffff; font-size: 22px;\">A Unique towing expertise in North America<\/span><\/h1>\n<h2 style=\"text-align: center;\"><span style=\"color: #ffffff;\"><a style=\"color: #fff;\" href=\"tel:+15143840239\">514-384-0239<\/a><\/span><\/h2>\n<p>[\/vc_column_text][\/vc_column][vc_column width=&#8221;1\/3&#8243;][vc_btn title=&#8221;Request a tow truck&#8221; color=&#8221;warning&#8221; size=&#8221;lg&#8221; align=&#8221;center&#8221; link=&#8221;url:http%3A%2F%2Fmeteor.ca%2Fen%2Fcontact-us%2F|||&#8221; el_class=&#8221;btn_custom_rs&#8221;][\/vc_column][\/vc_row][vc_row][vc_column width=&#8221;1\/4&#8243;][vc_single_image image=&#8221;14&#8243; img_size=&#8221;&#8221; alignment=&#8221;center&#8221; style=&#8221;vc_box_border&#8221; onclick=&#8221;custom_link&#8221; css=&#8221;.vc_custom_1638161878934{margin-bottom: 10px !important;}&#8221; link=&#8221;http:\/\/meteor.ca\/equipements\/remorquage-leger\/&#8221;][vc_column_text]<\/p>\n<h3 style=\"text-align: center;\"><strong>Light Towing<\/strong><\/h3>\n<p style=\"text-align: center;\">Our Towing Experts will take care<br \/>\nof your vehicle As if it were theirs.<br \/>\n<a href=\"http:\/\/meteor.ca\/en\/equipments\/lightweight-towing-equipments\/\"><span style=\"color: #ff9900;\">Learn more<\/span><\/a>[\/vc_column_text][\/vc_column][vc_column width=&#8221;1\/4&#8243;][vc_single_image image=&#8221;1063&#8243; img_size=&#8221;&#8221; alignment=&#8221;center&#8221; style=&#8221;vc_box_border&#8221; onclick=&#8221;custom_link&#8221; css=&#8221;.vc_custom_1638162197779{margin-bottom: 10px !important;}&#8221; link=&#8221;http:\/\/meteor.ca\/equipements\/remorquage-moyen\/&#8221;][vc_column_text]<\/p>\n<h3 style=\"text-align: center;\"><strong>Medium Towing<\/strong><\/h3>\n<p style=\"text-align: center;\">For your Light truck and specialized<br \/>\nequipment towing needs.<br \/>\n<a href=\"http:\/\/meteor.ca\/en\/equipments\/medium-towing-equipments\/\"><span style=\"color: #ff9900;\">Learn more<\/span><\/a>[\/vc_column_text][\/vc_column][vc_column width=&#8221;1\/4&#8243;][vc_single_image image=&#8221;15&#8243; img_size=&#8221;&#8221; alignment=&#8221;center&#8221; style=&#8221;vc_box_border&#8221; onclick=&#8221;custom_link&#8221; css=&#8221;.vc_custom_1638161890668{margin-bottom: 10px !important;}&#8221; link=&#8221;http:\/\/meteor.ca\/equipements\/remorquage-lourds\/&#8221;][vc_column_text]<\/p>\n<h3 style=\"text-align: center;\"><strong>Heavy towing<\/strong><\/h3>\n<p style=\"text-align: center;\">We are recognized through Canada<br \/>\nfor our expertise in heavy towing.<br \/>\n<a href=\"http:\/\/meteor.ca\/en\/equipments\/heavy-towing-equipment\/\"><span style=\"color: #ff9900;\">Learn more<\/span><\/a>[\/vc_column_text][\/vc_column][vc_column width=&#8221;1\/4&#8243;][vc_single_image image=&#8221;17&#8243; img_size=&#8221;&#8221; alignment=&#8221;center&#8221; style=&#8221;vc_box_border&#8221; onclick=&#8221;custom_link&#8221; css=&#8221;.vc_custom_1638161896747{margin-bottom: 10px !important;}&#8221; link=&#8221;http:\/\/meteor.ca\/equipements\/remorquage-specialise\/&#8221;][vc_column_text]<\/p>\n<h3 style=\"text-align: center;\"><strong>Specialized equipment<\/strong><\/h3>\n<p style=\"text-align: center;\">State-of-the-art equipment and<br \/>\ntechnology to minimize damage.<br \/>\n<a href=\"http:\/\/meteor.ca\/en\/equipments\/specialized-towing-equipments\/\"><span style=\"color: #ff9900;\">Learn more<\/span><\/a>[\/vc_column_text][\/vc_column][\/vc_row][vc_row full_width=&#8221;stretch_row&#8221; css=&#8221;.vc_custom_1480872937425{margin-bottom: -100px !important;background-color: #f4f4f4 !important;}&#8221;][vc_column width=&#8221;1\/2&#8243;][vc_single_image image=&#8221;12&#8243; img_size=&#8221;full&#8221; style=&#8221;vc_box_border&#8221; border_color=&#8221;white&#8221;][\/vc_column][vc_column width=&#8221;1\/2&#8243;][vc_column_text]<\/p>\n<h2><strong>METEOR, THE REFERENCE IN FOR ALL YOUR TOWING NEEDS AND MORE<\/strong><\/h2>\n<p>Towing Service M\u00e9t\u00e9or is the towing specialist in Montreal, Quebec and elsewhere in Canada.<br \/>\nOur company also offers services for the recovery, transportation and storage of vehicles (as well as equipment) throughout Canada.<\/p>\n<p>Each year, Meteor does on average 25,000 long or short haul towing on highways and other roads in North America.<\/p>\n<h3><strong>Storage, warehousing and pound services<\/strong><\/h3>\n<p>The expertise of M\u00e9t\u00e9or does not end with the towing and hauling of cars, we offer a wide range of services ranging from vehicle storage, transportation of equipment to the storage of cars . Call us now.[\/vc_column_text][\/vc_column][\/vc_row]<\/p>\n","protected":false},"excerpt":{"rendered":"<p>[vc_row full_width=&#8221;stretch_row&#8221; content_placement=&#8221;top&#8221; css=&#8221;.vc_custom_1622027397162{margin-top: -150px !important;}&#8221;][vc_column width=&#8221;2\/3&#8243;][vc_column_text]<\/p>\n<p> A Unique towing expertise in North America 514-384-0239 <\/p>\n<p>[\/vc_column_text][\/vc_column][vc_column width=&#8221;1\/3&#8243;][vc_btn title=&#8221;Request a tow truck&#8221; color=&#8221;warning&#8221; size=&#8221;lg&#8221; align=&#8221;center&#8221; link=&#8221;url:http%3A%2F%2Fmeteor.ca%2Fen%2Fcontact-us%2F|||&#8221; el_class=&#8221;btn_custom_rs&#8221;][\/vc_column][\/vc_row][vc_row][vc_column width=&#8221;1\/4&#8243;][vc_single_image image=&#8221;14&#8243; img_size=&#8221;&#8221; alignment=&#8221;center&#8221; style=&#8221;vc_box_border&#8221; onclick=&#8221;custom_link&#8221; css=&#8221;.vc_custom_1638161878934{margin-bottom: 10px !important;}&#8221; link=&#8221;http:\/\/meteor.ca\/equipements\/remorquage-leger\/&#8221;][vc_column_text]<\/p>\n<p> <strong>Light Towing<\/strong> <\/p>\n<p style=\"text-align: center;\">Our Towing Experts will take care<br \/> of your vehicle As if it were theirs.<br \/> Learn more[\/vc_column_text][\/vc_column][vc_column width=&#8221;1\/4&#8243;][vc_single_image image=&#8221;1063&#8243; img_size=&#8221;&#8221; alignment=&#8221;center&#8221; style=&#8221;vc_box_border&#8221; onclick=&#8221;custom_link&#8221; css=&#8221;.vc_custom_1638162197779{margin-bottom: 10px !important;}&#8221; link=&#8221;http:\/\/meteor.ca\/equipements\/remorquage-moyen\/&#8221;][vc_column_text]<\/p>\n<p> <strong>Medium Towing<\/strong> <\/p>\n<p style=\"text-align: center;\">For your Light truck and specialized<br \/> equipment towing needs.<br \/> Learn more[\/vc_column_text][\/vc_column][vc_column width=&#8221;1\/4&#8243;][vc_single_image image=&#8221;15&#8243; img_size=&#8221;&#8221; alignment=&#8221;center&#8221; style=&#8221;vc_box_border&#8221; onclick=&#8221;custom_link&#8221; css=&#8221;.vc_custom_1638161890668{margin-bottom: 10px !important;}&#8221; link=&#8221;http:\/\/meteor.ca\/equipements\/remorquage-lourds\/&#8221;][vc_column_text]<\/p>\n<p> <strong>Heavy towing<\/strong> <\/p>\n<p style=\"text-align: center;\">We are recognized through Canada<br \/> for our expertise in heavy towing.<br \/> Learn more[\/vc_column_text][\/vc_column][vc_column width=&#8221;1\/4&#8243;][vc_single_image image=&#8221;17&#8243; img_size=&#8221;&#8221; alignment=&#8221;center&#8221; style=&#8221;vc_box_border&#8221; onclick=&#8221;custom_link&#8221; css=&#8221;.vc_custom_1638161896747{margin-bottom: 10px !important;}&#8221; link=&#8221;http:\/\/meteor.ca\/equipements\/remorquage-specialise\/&#8221;][vc_column_text]<\/p>\n<p> <strong>Specialized equipment<\/strong> <\/p>\n<p style=\"text-align: center;\">State-of-the-art equipment and<br \/> technology to minimize damage.<br \/> Learn more[\/vc_column_text][\/vc_column][\/vc_row][vc_row full_width=&#8221;stretch_row&#8221; css=&#8221;.vc_custom_1480872937425{margin-bottom: -100px !important;background-color: #f4f4f4 !important;}&#8221;][vc_column width=&#8221;1\/2&#8243;][vc_single_image image=&#8221;12&#8243; img_size=&#8221;full&#8221; style=&#8221;vc_box_border&#8221; border_color=&#8221;white&#8221;][\/vc_column][vc_column width=&#8221;1\/2&#8243;][vc_column_text]<\/p>\n<p> <strong>METEOR, THE REFERENCE IN [&#8230;]<\/strong><\/p>\n","protected":false},"author":1,"featured_media":0,"parent":0,"menu_order":0,"comment_status":"closed","ping_status":"closed","template":"","meta":[],"yoast_head":"<!-- This site is optimized with the Yoast SEO plugin v19.4 - https:\/\/yoast.com\/wordpress\/plugins\/seo\/ -->\n<title>M\u00e9t\u00e9or Towing Services<\/title>\n<meta name=\"robots\" content=\"index, follow, max-snippet:-1, max-image-preview:large, max-video-preview:-1\" \/>\n<link rel=\"canonical\" href=\"https:\/\/meteor.ca\/en\/\" \/>\n<meta property=\"og:locale\" content=\"en_US\" \/>\n<meta property=\"og:type\" content=\"article\" \/>\n<meta property=\"og:title\" content=\"M\u00e9t\u00e9or Towing Services\" \/>\n<meta property=\"og:description\" content=\"[vc_row full_width=&#8221;stretch_row&#8221; content_placement=&#8221;top&#8221; css=&#8221;.vc_custom_1622027397162{margin-top: -150px !important;}&#8221;][vc_column width=&#8221;2\/3&#8243;][vc_column_text] A Unique towing expertise in North America 514-384-0239 [\/vc_column_text][\/vc_column][vc_column width=&#8221;1\/3&#8243;][vc_btn title=&#8221;Request a tow truck&#8221; color=&#8221;warning&#8221; size=&#8221;lg&#8221; align=&#8221;center&#8221; link=&#8221;url:http%3A%2F%2Fmeteor.ca%2Fen%2Fcontact-us%2F|||&#8221; el_class=&#8221;btn_custom_rs&#8221;][\/vc_column][\/vc_row][vc_row][vc_column width=&#8221;1\/4&#8243;][vc_single_image image=&#8221;14&#8243; img_size=&#8221;&#8221; alignment=&#8221;center&#8221; style=&#8221;vc_box_border&#8221; onclick=&#8221;custom_link&#8221; css=&#8221;.vc_custom_1638161878934{margin-bottom: 10px !important;}&#8221; link=&#8221;http:\/\/meteor.ca\/equipements\/remorquage-leger\/&#8221;][vc_column_text] Light Towing Our Towing Experts will take care of your vehicle As if it were theirs. Learn more[\/vc_column_text][\/vc_column][vc_column width=&#8221;1\/4&#8243;][vc_single_image image=&#8221;1063&#8243; img_size=&#8221;&#8221; alignment=&#8221;center&#8221; style=&#8221;vc_box_border&#8221; onclick=&#8221;custom_link&#8221; css=&#8221;.vc_custom_1638162197779{margin-bottom: 10px !important;}&#8221; link=&#8221;http:\/\/meteor.ca\/equipements\/remorquage-moyen\/&#8221;][vc_column_text] Medium Towing For your Light truck and specialized equipment towing needs. Learn more[\/vc_column_text][\/vc_column][vc_column width=&#8221;1\/4&#8243;][vc_single_image image=&#8221;15&#8243; img_size=&#8221;&#8221; alignment=&#8221;center&#8221; style=&#8221;vc_box_border&#8221; onclick=&#8221;custom_link&#8221; css=&#8221;.vc_custom_1638161890668{margin-bottom: 10px !important;}&#8221; link=&#8221;http:\/\/meteor.ca\/equipements\/remorquage-lourds\/&#8221;][vc_column_text] Heavy towing We are recognized through Canada for our expertise in heavy towing. Learn more[\/vc_column_text][\/vc_column][vc_column width=&#8221;1\/4&#8243;][vc_single_image image=&#8221;17&#8243; img_size=&#8221;&#8221; alignment=&#8221;center&#8221; style=&#8221;vc_box_border&#8221; onclick=&#8221;custom_link&#8221; css=&#8221;.vc_custom_1638161896747{margin-bottom: 10px !important;}&#8221; link=&#8221;http:\/\/meteor.ca\/equipements\/remorquage-specialise\/&#8221;][vc_column_text] Specialized equipment State-of-the-art equipment and technology to minimize damage. Learn more[\/vc_column_text][\/vc_column][\/vc_row][vc_row full_width=&#8221;stretch_row&#8221; css=&#8221;.vc_custom_1480872937425{margin-bottom: -100px !important;background-color: #f4f4f4 !important;}&#8221;][vc_column width=&#8221;1\/2&#8243;][vc_single_image image=&#8221;12&#8243; img_size=&#8221;full&#8221; style=&#8221;vc_box_border&#8221; border_color=&#8221;white&#8221;][\/vc_column][vc_column width=&#8221;1\/2&#8243;][vc_column_text] METEOR, THE REFERENCE IN [...]\" \/>\n<meta property=\"og:url\" content=\"https:\/\/meteor.ca\/en\/\" \/>\n<meta property=\"og:site_name\" content=\"Remorquage M\u00e9t\u00e9or\" \/>\n<meta property=\"article:publisher\" content=\"https:\/\/www.facebook.com\/Remorquage-Meteor-287474957976557\/\" \/>\n<meta property=\"article:modified_time\" content=\"2021-11-30T04:23:32+00:00\" \/>\n<meta property=\"og:image\" content=\"http:\/\/meteor.ca\/wp-content\/uploads\/2016\/12\/Logo-Meteor.png\" \/>\n<meta name=\"twitter:card\" content=\"summary\" \/>\n<meta name=\"twitter:site\" content=\"@MeteorTowing\" \/>\n<meta name=\"twitter:label1\" content=\"Est. reading time\" \/>\n\t<meta name=\"twitter:data1\" content=\"2 minutes\" \/>\n<script type=\"application\/ld+json\" class=\"yoast-schema-graph\">{\"@context\":\"https:\/\/schema.org\",\"@graph\":[{\"@type\":\"Organization\",\"@id\":\"https:\/\/meteor.ca\/#organization\",\"name\":\"Meteor\",\"url\":\"https:\/\/meteor.ca\/\",\"sameAs\":[\"https:\/\/www.facebook.com\/Remorquage-Meteor-287474957976557\/\",\"https:\/\/twitter.com\/MeteorTowing\"],\"logo\":{\"@type\":\"ImageObject\",\"inLanguage\":\"en-US\",\"@id\":\"https:\/\/meteor.ca\/#\/schema\/logo\/image\/\",\"url\":\"https:\/\/meteor.ca\/wp-content\/uploads\/2016\/12\/Logo-Meteor.png\",\"contentUrl\":\"https:\/\/meteor.ca\/wp-content\/uploads\/2016\/12\/Logo-Meteor.png\",\"width\":270,\"height\":99,\"caption\":\"Meteor\"},\"image\":{\"@id\":\"https:\/\/meteor.ca\/#\/schema\/logo\/image\/\"}},{\"@type\":\"WebSite\",\"@id\":\"https:\/\/meteor.ca\/#website\",\"url\":\"https:\/\/meteor.ca\/\",\"name\":\"Remorquage M\u00e9t\u00e9or\",\"description\":\"Les ma\u00eetres du remorquage au Qu\u00e9bec depuis 40 ans !\",\"publisher\":{\"@id\":\"https:\/\/meteor.ca\/#organization\"},\"potentialAction\":[{\"@type\":\"SearchAction\",\"target\":{\"@type\":\"EntryPoint\",\"urlTemplate\":\"https:\/\/meteor.ca\/?s={search_term_string}\"},\"query-input\":\"required name=search_term_string\"}],\"inLanguage\":\"en-US\"},{\"@type\":\"WebPage\",\"@id\":\"https:\/\/meteor.ca\/en\/\",\"url\":\"https:\/\/meteor.ca\/en\/\",\"name\":\"M\u00e9t\u00e9or Towing Services\",\"isPartOf\":{\"@id\":\"https:\/\/meteor.ca\/#website\"},\"datePublished\":\"2016-12-05T00:55:41+00:00\",\"dateModified\":\"2021-11-30T04:23:32+00:00\",\"breadcrumb\":{\"@id\":\"https:\/\/meteor.ca\/en\/#breadcrumb\"},\"inLanguage\":\"en-US\",\"potentialAction\":[{\"@type\":\"ReadAction\",\"target\":[\"https:\/\/meteor.ca\/en\/\"]}]},{\"@type\":\"BreadcrumbList\",\"@id\":\"https:\/\/meteor.ca\/en\/#breadcrumb\",\"itemListElement\":[{\"@type\":\"ListItem\",\"position\":1,\"name\":\"Accueil\",\"item\":\"https:\/\/meteor.ca\/en\/\"},{\"@type\":\"ListItem\",\"position\":2,\"name\":\"M\u00e9t\u00e9or Towing Services\"}]}]}<\/script>\n<!-- \/ Yoast SEO plugin. -->","yoast_head_json":{"title":"M\u00e9t\u00e9or Towing Services","robots":{"index":"index","follow":"follow","max-snippet":"max-snippet:-1","max-image-preview":"max-image-preview:large","max-video-preview":"max-video-preview:-1"},"canonical":"https:\/\/meteor.ca\/en\/","og_locale":"en_US","og_type":"article","og_title":"M\u00e9t\u00e9or Towing Services","og_description":"[vc_row full_width=&#8221;stretch_row&#8221; content_placement=&#8221;top&#8221; css=&#8221;.vc_custom_1622027397162{margin-top: -150px !important;}&#8221;][vc_column width=&#8221;2\/3&#8243;][vc_column_text] A Unique towing expertise in North America 514-384-0239 [\/vc_column_text][\/vc_column][vc_column width=&#8221;1\/3&#8243;][vc_btn title=&#8221;Request a tow truck&#8221; color=&#8221;warning&#8221; size=&#8221;lg&#8221; align=&#8221;center&#8221; link=&#8221;url:http%3A%2F%2Fmeteor.ca%2Fen%2Fcontact-us%2F|||&#8221; el_class=&#8221;btn_custom_rs&#8221;][\/vc_column][\/vc_row][vc_row][vc_column width=&#8221;1\/4&#8243;][vc_single_image image=&#8221;14&#8243; img_size=&#8221;&#8221; alignment=&#8221;center&#8221; style=&#8221;vc_box_border&#8221; onclick=&#8221;custom_link&#8221; css=&#8221;.vc_custom_1638161878934{margin-bottom: 10px !important;}&#8221; link=&#8221;http:\/\/meteor.ca\/equipements\/remorquage-leger\/&#8221;][vc_column_text] Light Towing Our Towing Experts will take care of your vehicle As if it were theirs. Learn more[\/vc_column_text][\/vc_column][vc_column width=&#8221;1\/4&#8243;][vc_single_image image=&#8221;1063&#8243; img_size=&#8221;&#8221; alignment=&#8221;center&#8221; style=&#8221;vc_box_border&#8221; onclick=&#8221;custom_link&#8221; css=&#8221;.vc_custom_1638162197779{margin-bottom: 10px !important;}&#8221; link=&#8221;http:\/\/meteor.ca\/equipements\/remorquage-moyen\/&#8221;][vc_column_text] Medium Towing For your Light truck and specialized equipment towing needs. Learn more[\/vc_column_text][\/vc_column][vc_column width=&#8221;1\/4&#8243;][vc_single_image image=&#8221;15&#8243; img_size=&#8221;&#8221; alignment=&#8221;center&#8221; style=&#8221;vc_box_border&#8221; onclick=&#8221;custom_link&#8221; css=&#8221;.vc_custom_1638161890668{margin-bottom: 10px !important;}&#8221; link=&#8221;http:\/\/meteor.ca\/equipements\/remorquage-lourds\/&#8221;][vc_column_text] Heavy towing We are recognized through Canada for our expertise in heavy towing. Learn more[\/vc_column_text][\/vc_column][vc_column width=&#8221;1\/4&#8243;][vc_single_image image=&#8221;17&#8243; img_size=&#8221;&#8221; alignment=&#8221;center&#8221; style=&#8221;vc_box_border&#8221; onclick=&#8221;custom_link&#8221; css=&#8221;.vc_custom_1638161896747{margin-bottom: 10px !important;}&#8221; link=&#8221;http:\/\/meteor.ca\/equipements\/remorquage-specialise\/&#8221;][vc_column_text] Specialized equipment State-of-the-art equipment and technology to minimize damage. Learn more[\/vc_column_text][\/vc_column][\/vc_row][vc_row full_width=&#8221;stretch_row&#8221; css=&#8221;.vc_custom_1480872937425{margin-bottom: -100px !important;background-color: #f4f4f4 !important;}&#8221;][vc_column width=&#8221;1\/2&#8243;][vc_single_image image=&#8221;12&#8243; img_size=&#8221;full&#8221; style=&#8221;vc_box_border&#8221; border_color=&#8221;white&#8221;][\/vc_column][vc_column width=&#8221;1\/2&#8243;][vc_column_text] METEOR, THE REFERENCE IN [...]","og_url":"https:\/\/meteor.ca\/en\/","og_site_name":"Remorquage M\u00e9t\u00e9or","article_publisher":"https:\/\/www.facebook.com\/Remorquage-Meteor-287474957976557\/","article_modified_time":"2021-11-30T04:23:32+00:00","og_image":[{"url":"http:\/\/meteor.ca\/wp-content\/uploads\/2016\/12\/Logo-Meteor.png"}],"twitter_card":"summary","twitter_site":"@MeteorTowing","twitter_misc":{"Est. reading time":"2 minutes"},"schema":{"@context":"https:\/\/schema.org","@graph":[{"@type":"Organization","@id":"https:\/\/meteor.ca\/#organization","name":"Meteor","url":"https:\/\/meteor.ca\/","sameAs":["https:\/\/www.facebook.com\/Remorquage-Meteor-287474957976557\/","https:\/\/twitter.com\/MeteorTowing"],"logo":{"@type":"ImageObject","inLanguage":"en-US","@id":"https:\/\/meteor.ca\/#\/schema\/logo\/image\/","url":"https:\/\/meteor.ca\/wp-content\/uploads\/2016\/12\/Logo-Meteor.png","contentUrl":"https:\/\/meteor.ca\/wp-content\/uploads\/2016\/12\/Logo-Meteor.png","width":270,"height":99,"caption":"Meteor"},"image":{"@id":"https:\/\/meteor.ca\/#\/schema\/logo\/image\/"}},{"@type":"WebSite","@id":"https:\/\/meteor.ca\/#website","url":"https:\/\/meteor.ca\/","name":"Remorquage M\u00e9t\u00e9or","description":"Les ma\u00eetres du remorquage au Qu\u00e9bec depuis 40 ans !","publisher":{"@id":"https:\/\/meteor.ca\/#organization"},"potentialAction":[{"@type":"SearchAction","target":{"@type":"EntryPoint","urlTemplate":"https:\/\/meteor.ca\/?s={search_term_string}"},"query-input":"required name=search_term_string"}],"inLanguage":"en-US"},{"@type":"WebPage","@id":"https:\/\/meteor.ca\/en\/","url":"https:\/\/meteor.ca\/en\/","name":"M\u00e9t\u00e9or Towing Services","isPartOf":{"@id":"https:\/\/meteor.ca\/#website"},"datePublished":"2016-12-05T00:55:41+00:00","dateModified":"2021-11-30T04:23:32+00:00","breadcrumb":{"@id":"https:\/\/meteor.ca\/en\/#breadcrumb"},"inLanguage":"en-US","potentialAction":[{"@type":"ReadAction","target":["https:\/\/meteor.ca\/en\/"]}]},{"@type":"BreadcrumbList","@id":"https:\/\/meteor.ca\/en\/#breadcrumb","itemListElement":[{"@type":"ListItem","position":1,"name":"Accueil","item":"https:\/\/meteor.ca\/en\/"},{"@type":"ListItem","position":2,"name":"M\u00e9t\u00e9or Towing Services"}]}]}},"_links":{"self":[{"href":"https:\/\/meteor.ca\/en\/wp-json\/wp\/v2\/pages\/201"}],"collection":[{"href":"https:\/\/meteor.ca\/en\/wp-json\/wp\/v2\/pages"}],"about":[{"href":"https:\/\/meteor.ca\/en\/wp-json\/wp\/v2\/types\/page"}],"author":[{"embeddable":true,"href":"https:\/\/meteor.ca\/en\/wp-json\/wp\/v2\/users\/1"}],"replies":[{"embeddable":true,"href":"https:\/\/meteor.ca\/en\/wp-json\/wp\/v2\/comments?post=201"}],"version-history":[{"count":8,"href":"https:\/\/meteor.ca\/en\/wp-json\/wp\/v2\/pages\/201\/revisions"}],"predecessor-version":[{"id":1068,"href":"https:\/\/meteor.ca\/en\/wp-json\/wp\/v2\/pages\/201\/revisions\/1068"}],"wp:attachment":[{"href":"https:\/\/meteor.ca\/en\/wp-json\/wp\/v2\/media?parent=201"}],"curies":[{"name":"wp","href":"https:\/\/api.w.org\/{rel}","templated":true}]}}